{"id":5778,"date":"2025-03-23T00:04:49","date_gmt":"2025-03-22T23:04:49","guid":{"rendered":"https:\/\/www.shiftpro.ma\/market\/?post_type=product&#038;p=5778"},"modified":"2025-03-23T01:26:24","modified_gmt":"2025-03-23T00:26:24","slug":"copieur-canon-imagerunner-2224n-a3-monochrome-5941c002aa","status":"publish","type":"product","link":"https:\/\/www.shiftpro.ma\/market\/produit\/copieur-canon-imagerunner-2224n-a3-monochrome-5941c002aa\/","title":{"rendered":"Copieur Canon imageRUNNER 2224N A3 Monochrome (5941C002AA)"},"content":{"rendered":"<ul>\n<li><strong>Mod\u00e8le :<\/strong>\u00a0Canon imageRUNNER 2224N<\/li>\n<li><strong>R\u00e9f\u00e9rence :<\/strong>\u00a05941C002AA<\/li>\n<li><strong>Type :<\/strong>\u00a0Imprimante Multifonction Laser Monochrome A3<\/li>\n<li><strong>Fonctions :<\/strong>\u00a0Impression, copie, num\u00e9risation, envoi optionnel<\/li>\n<li><strong>Vitesse d&#8217;impression :<\/strong>\n<ul>\n<li>Recto : Jusqu&#8217;\u00e0 24 ppm (A4), jusqu&#8217;\u00e0 12 ppm (A3), jusqu&#8217;\u00e0 11 ppm (A4R)<\/li>\n<li>Recto verso : Jusqu&#8217;\u00e0 16,7 ppm (A4), jusqu&#8217;\u00e0 7,5 ppm (A3), jusqu&#8217;\u00e0 7,8 ppm (A4R)* (*Avec unit\u00e9 recto verso-E1 en option)<\/li>\n<\/ul>\n<\/li>\n<li><strong>R\u00e9solution d&#8217;impression :<\/strong>\u00a0Jusqu&#8217;\u00e0 1200 \u00d7 1200 ppp<\/li>\n<li><strong>Format maximum de papier :<\/strong>\u00a0A3<\/li>\n<li><strong>Capacit\u00e9 du bac \u00e0 papier :<\/strong>\n<ul>\n<li>Capacit\u00e9 d&#8217;alimentation papier : Standard : 350 feuilles ; Maximum : 600 feuilles (avec module cassette-AK1)<\/li>\n<li>Capacit\u00e9 de sortie papier : Standard : 250 feuilles ; Maximum : 250 feuilles<\/li>\n<\/ul>\n<\/li>\n<li><strong>Connectivit\u00e9 :<\/strong>\n<ul>\n<li>WI-FI<\/li>\n<li>Standard (R\u00c9SEAU) : 100Base-TX\/10Base-T<\/li>\n<li>1 port USB 2.0 (p\u00e9riph\u00e9rique)<\/li>\n<\/ul>\n<\/li>\n<li><strong>Compatibilit\u00e9 syst\u00e8me :<\/strong>\u00a0Windows\u00ae 11 \/ 10 \/ 8.1 \/ Server 2019 \/ Server 2016 \/<br \/>\nServer 2012R2 \/ Server \/ 2012 \/ Server 2008R2 \/\u00a0Server 2008, Mac OS X (10.11 ou version ult\u00e9rieure), Linux3<\/li>\n<li><strong>Consommables :<\/strong>\u00a0Toner noir C-EXV 42 (non inclus)<\/li>\n<li><strong>Dimensions :<\/strong>\n<ul>\n<li>627 \u00d7 589 \u00d7 502 mm (avec vitre)<\/li>\n<li>627 \u00d7 589 \u00d7 594 mm (avec vitre et cassette)<\/li>\n<li>627 \u00d7 607 \u00d7 698 mm (avec DADF et cassette)<\/li>\n<\/ul>\n<\/li>\n<li><strong>Poids :<\/strong>\u00a0Environ 31,6 kg (sans toner)<\/li>\n<li><strong>Autres caract\u00e9ristiques :<\/strong>\n<ul>\n<li>\u00c9cran tactile monochrome de 8,9 cm (3,5 pouces)<\/li>\n<li>Chargeur automatique de documents recto verso (en option)<\/li>\n<li>Vitesse de num\u00e9risation : Avec DADF en option : Num\u00e9risation recto : 35\/25 ipm (300 ppp, envoi), 25 ipm (600 ppp, copie) ; Recto verso : 12\/8 ipm (300 ppp, envoi), 8 ipm (600 ppp, copie)<\/li>\n<\/ul>\n<\/li>\n<li><strong>Garantie :<\/strong>\u00a01 an<\/li>\n<\/ul>\n","protected":false},"excerpt":{"rendered":"<ul>\n<li><strong>R\u00e9f\u00e9rence: 5941C002AA<\/strong><\/li>\n<li><strong>Mod\u00e8le :<\/strong>\u00a0Canon imageRUNNER 2224N<\/li>\n<li><strong>R\u00e9f\u00e9rence :<\/strong>\u00a05941C002AA<\/li>\n<li><strong>Type :<\/strong>\u00a0Imprimante Multifonction Laser Monochrome A3<\/li>\n<li><strong>Fonctions :<\/strong> Impression, copie, num\u00e9risation, envoi optionnel<\/li>\n<\/ul>\n","protected":false},"featured_media":5779,"comment_status":"open","ping_status":"closed","template":"","meta":{"_acf_changed":false},"product_brand":[],"product_cat":[251,245,250],"product_tag":[],"class_list":{"0":"post-5778","1":"product","2":"type-product","3":"status-publish","4":"has-post-thumbnail","6":"product_cat-copieur","7":"product_cat-imprimante-scanner","8":"product_cat-traceur","10":"first","11":"instock","12":"featured","13":"shipping-taxable","14":"purchasable","15":"product-type-simple"},"acf":[],"_links":{"self":[{"href":"https:\/\/www.shiftpro.ma\/market\/wp-json\/wp\/v2\/product\/5778","targetHints":{"allow":["GET"]}}],"collection":[{"href":"https:\/\/www.shiftpro.ma\/market\/wp-json\/wp\/v2\/product"}],"about":[{"href":"https:\/\/www.shiftpro.ma\/market\/wp-json\/wp\/v2\/types\/product"}],"replies":[{"embeddable":true,"href":"https:\/\/www.shiftpro.ma\/market\/wp-json\/wp\/v2\/comments?post=5778"}],"wp:featuredmedia":[{"embeddable":true,"href":"https:\/\/www.shiftpro.ma\/market\/wp-json\/wp\/v2\/media\/5779"}],"wp:attachment":[{"href":"https:\/\/www.shiftpro.ma\/market\/wp-json\/wp\/v2\/media?parent=5778"}],"wp:term":[{"taxonomy":"product_brand","embeddable":true,"href":"https:\/\/www.shiftpro.ma\/market\/wp-json\/wp\/v2\/product_brand?post=5778"},{"taxonomy":"product_cat","embeddable":true,"href":"https:\/\/www.shiftpro.ma\/market\/wp-json\/wp\/v2\/product_cat?post=5778"},{"taxonomy":"product_tag","embeddable":true,"href":"https:\/\/www.shiftpro.ma\/market\/wp-json\/wp\/v2\/product_tag?post=5778"}],"curies":[{"name":"wp","href":"https:\/\/api.w.org\/{rel}","templated":true}]}}