{"id":5705,"date":"2025-03-21T11:32:06","date_gmt":"2025-03-21T10:32:06","guid":{"rendered":"https:\/\/www.shiftpro.ma\/market\/?page_id=5705"},"modified":"2025-03-22T01:20:44","modified_gmt":"2025-03-22T00:20:44","slug":"conditions-generales","status":"publish","type":"page","link":"https:\/\/www.shiftpro.ma\/market\/conditions-generales\/","title":{"rendered":"Conditions g\u00e9n\u00e9rales"},"content":{"rendered":"<div class=\"wpb-content-wrapper\"><p>[vc_row][vc_column][vc_column_text css=&#8221;&#8221;]<\/p>\n<section class=\"section inner-bottom-xs\">\n<h2>Propri\u00e9t\u00e9 intellectuelle<\/h2>\n<p>Tout le contenu pr\u00e9sent sur ce site, y compris les textes, images, logos et \u00e9l\u00e9ments graphiques, est prot\u00e9g\u00e9 par les lois sur la propri\u00e9t\u00e9 intellectuelle. Toute reproduction, distribution ou utilisation sans autorisation pr\u00e9alable est strictement interdite.<\/p>\n<\/section>\n<section class=\"section inner-bottom-xs\">\n<h2>R\u00e9siliation<\/h2>\n<p>Nous nous r\u00e9servons le droit de suspendre ou de r\u00e9silier votre acc\u00e8s \u00e0 nos services en cas de non-respect des conditions g\u00e9n\u00e9rales. Cette r\u00e9siliation peut intervenir sans pr\u00e9avis en cas de violation grave des termes d\u2019utilisation.<\/p>\n<\/section>\n<section class=\"section inner-bottom-xs\">\n<h2>Modifications de cet accord<\/h2>\n<p>Nous pouvons mettre \u00e0 jour ces conditions g\u00e9n\u00e9rales \u00e0 tout moment. Toute modification sera publi\u00e9e sur cette page et prendra effet imm\u00e9diatement apr\u00e8s sa mise en ligne. Nous vous recommandons de consulter r\u00e9guli\u00e8rement cette section.<\/p>\n<\/section>\n<section class=\"section intellectual-property\">\n<h2>Nous contacter<\/h2>\n<p>Si vous avez des questions concernant cet accord, veuillez nous contacter en remplissant ce <a href=\"https:\/\/www.shiftpro.ma\/market\/contactez-nous\/\"><strong>formulaire de contact<\/strong><\/a><\/p>\n<\/section>\n<p>[\/vc_column_text][\/vc_column][\/vc_row]<\/p>\n<\/div>","protected":false},"excerpt":{"rendered":"<p>[vc_row][vc_column][vc_column_text css=&#8221;&#8221;] Propri\u00e9t\u00e9 intellectuelle Tout le contenu pr\u00e9sent sur ce site, y compris les textes, images, logos et \u00e9l\u00e9ments graphiques, est prot\u00e9g\u00e9 par les lois sur la propri\u00e9t\u00e9 intellectuelle. Toute<\/p>\n","protected":false},"author":1,"featured_media":0,"parent":0,"menu_order":0,"comment_status":"closed","ping_status":"closed","template":"","meta":{"_acf_changed":false,"footnotes":""},"class_list":["post-5705","page","type-page","status-publish","hentry"],"acf":[],"_links":{"self":[{"href":"https:\/\/www.shiftpro.ma\/market\/wp-json\/wp\/v2\/pages\/5705","targetHints":{"allow":["GET"]}}],"collection":[{"href":"https:\/\/www.shiftpro.ma\/market\/wp-json\/wp\/v2\/pages"}],"about":[{"href":"https:\/\/www.shiftpro.ma\/market\/wp-json\/wp\/v2\/types\/page"}],"author":[{"embeddable":true,"href":"https:\/\/www.shiftpro.ma\/market\/wp-json\/wp\/v2\/users\/1"}],"replies":[{"embeddable":true,"href":"https:\/\/www.shiftpro.ma\/market\/wp-json\/wp\/v2\/comments?post=5705"}],"version-history":[{"count":2,"href":"https:\/\/www.shiftpro.ma\/market\/wp-json\/wp\/v2\/pages\/5705\/revisions"}],"predecessor-version":[{"id":5724,"href":"https:\/\/www.shiftpro.ma\/market\/wp-json\/wp\/v2\/pages\/5705\/revisions\/5724"}],"wp:attachment":[{"href":"https:\/\/www.shiftpro.ma\/market\/wp-json\/wp\/v2\/media?parent=5705"}],"curies":[{"name":"wp","href":"https:\/\/api.w.org\/{rel}","templated":true}]}}