{"id":5618,"date":"2025-03-20T23:26:53","date_gmt":"2025-03-20T22:26:53","guid":{"rendered":"https:\/\/www.shiftpro.ma\/market\/?page_id=5618"},"modified":"2025-03-23T02:00:42","modified_gmt":"2025-03-23T01:00:42","slug":"services","status":"publish","type":"page","link":"https:\/\/www.shiftpro.ma\/market\/services\/","title":{"rendered":"Services"},"content":{"rendered":"<div class=\"wpb-content-wrapper\"><p>[vc_row el_class=&#8221;about-features inner-top-md inner-bottom-sm&#8221;][vc_column css=&#8221;.vc_custom_1457518924264{margin-bottom: 0px !important;}&#8221;][vc_empty_space height=&#8221;11px&#8221;][\/vc_column][\/vc_row][vc_row el_class=&#8221;about-features inner-top-md inner-bottom-sm&#8221;][vc_column css=&#8221;.vc_custom_1457518924264{margin-bottom: 0px !important;}&#8221;][vc_column_text css=&#8221;&#8221; el_class=&#8221;entry-title&#8221;]<\/p>\n<h1><strong>Nos services<\/strong><\/h1>\n<p>[\/vc_column_text][vc_empty_space][\/vc_column][\/vc_row][vc_row el_class=&#8221;inner-sm&#8221;][vc_column width=&#8221;1\/3&#8243; el_class=&#8221;text-boxes&#8221;][vc_row_inner el_class=&#8221;inner-bottom-xs&#8221;][vc_column_inner][vc_icon icon_fontawesome=&#8221;fas fa-hdd&#8221; background_style=&#8221;rounded&#8221; size=&#8221;lg&#8221; align=&#8221;center&#8221; css=&#8221;&#8221;][vc_column_text css_animation=&#8221;none&#8221; css=&#8221;&#8221;]<\/p>\n<h4 class=\"highlight\" style=\"text-align: center;\">Installation des Syst\u00e8mes R\u00e9seaux<\/h4>\n<p style=\"text-align: center;\">Mise en place et optimisation des infrastructures r\u00e9seau : installation de routeurs, bornes Wi-Fi, CPL, switchs et autres \u00e9quipements pour garantir une connectivit\u00e9 stable et performante.<\/p>\n<p>[\/vc_column_text][\/vc_column_inner][\/vc_row_inner][\/vc_column][vc_column width=&#8221;1\/3&#8243;][vc_row_inner el_class=&#8221;inner-bottom-xs&#8221;][vc_column_inner][vc_icon icon_fontawesome=&#8221;fas fa-lock&#8221; background_style=&#8221;rounded&#8221; size=&#8221;lg&#8221; align=&#8221;center&#8221; css=&#8221;&#8221;][vc_column_text css=&#8221;&#8221;]<\/p>\n<h4 class=\"highlight\" style=\"text-align: center;\">Installation des Syst\u00e8mes et \u00c9quipements de S\u00e9curit\u00e9<\/h4>\n<p style=\"text-align: center;\">S\u00e9curisation des espaces r\u00e9sidentiels et professionnels avec des \u00e9quipements de pointe : cam\u00e9ras de surveillance, syst\u00e8mes DVR, alarmes anti-intrusion, dispositifs GPS, r\u00e9cepteurs de s\u00e9curit\u00e9 et climatiseurs intelligents.<\/p>\n<p>[\/vc_column_text][\/vc_column_inner][\/vc_row_inner][\/vc_column][vc_column width=&#8221;1\/3&#8243;][vc_row_inner el_class=&#8221;inner-bottom-xs&#8221;][vc_column_inner][vc_icon icon_fontawesome=&#8221;fas fa-sliders-h&#8221; background_style=&#8221;rounded&#8221; size=&#8221;lg&#8221; align=&#8221;center&#8221; css=&#8221;&#8221;][vc_column_text css=&#8221;&#8221;]<\/p>\n<h4 class=\"highlight\" style=\"text-align: center;\">R\u00e9paration des \u00c9quipements \u00c9lectroniques<\/h4>\n<p style=\"text-align: center;\">D\u00e9pannage et maintenance des appareils \u00e9lectroniques : r\u00e9paration de smartphones, ordinateurs et autres \u00e9quipements high-tech, y compris le d\u00e9blocage et la mise \u00e0 jour des firmwares.<\/p>\n<p>[\/vc_column_text][\/vc_column_inner][\/vc_row_inner][\/vc_column][\/vc_row][vc_row el_class=&#8221;inner-sm&#8221;][vc_column width=&#8221;1\/3&#8243; el_class=&#8221;text-boxes&#8221;][vc_row_inner el_class=&#8221;inner-bottom-xs&#8221;][vc_column_inner][vc_icon icon_fontawesome=&#8221;fas fa-code&#8221; background_style=&#8221;rounded&#8221; size=&#8221;lg&#8221; align=&#8221;center&#8221; css=&#8221;&#8221;][vc_column_text css=&#8221;&#8221;]<\/p>\n<h4 class=\"highlight\" style=\"text-align: center;\">D\u00e9veloppement de Logiciels<\/h4>\n<p style=\"text-align: center;\">Conception et d\u00e9ploiement de solutions logicielles sur mesure : logiciels standards et personnalis\u00e9s, acquisition de licences officielles et configuration des droits administrateurs.<\/p>\n<p>[\/vc_column_text][\/vc_column_inner][\/vc_row_inner][\/vc_column][vc_column width=&#8221;1\/3&#8243;][vc_row_inner el_class=&#8221;inner-bottom-xs&#8221;][vc_column_inner][vc_icon icon_fontawesome=&#8221;fab fa-dribbble&#8221; background_style=&#8221;rounded&#8221; size=&#8221;lg&#8221; align=&#8221;center&#8221; css=&#8221;&#8221;][vc_column_text css=&#8221;&#8221;]<\/p>\n<h4 class=\"highlight\" style=\"text-align: center;\">Import &amp; Export<\/h4>\n<p style=\"text-align: center;\">Approvisionnement et distribution d\u2019\u00e9quipements et mat\u00e9riels de haute qualit\u00e9 \u00e0 l\u2019\u00e9chelle nationale et internationale, en respectant les normes en vigueur.<\/p>\n<p>[\/vc_column_text][\/vc_column_inner][\/vc_row_inner][\/vc_column][vc_column width=&#8221;1\/3&#8243;][vc_row_inner el_class=&#8221;inner-bottom-xs&#8221;][vc_column_inner][vc_icon icon_fontawesome=&#8221;fas fa-user-friends&#8221; background_style=&#8221;rounded&#8221; size=&#8221;lg&#8221; align=&#8221;center&#8221; css=&#8221;&#8221;][vc_column_text css=&#8221;&#8221;]<\/p>\n<h4 class=\"highlight\" style=\"text-align: center;\">N\u00e9goce et Prestation de Services<\/h4>\n<p style=\"text-align: center;\">Services de courtage et d\u2019interm\u00e9diation commerciale adapt\u00e9s aux besoins des entreprises, avec un accompagnement personnalis\u00e9 dans les d\u00e9marches d\u2019achat et de vente.<\/p>\n<p>[\/vc_column_text][\/vc_column_inner][\/vc_row_inner][\/vc_column][\/vc_row][vc_row el_class=&#8221;inner-sm&#8221;][vc_column width=&#8221;1\/3&#8243; el_class=&#8221;text-boxes&#8221;][vc_row_inner el_class=&#8221;inner-bottom-xs&#8221;][vc_column_inner][vc_icon icon_fontawesome=&#8221;fas fa-th-large&#8221; background_style=&#8221;rounded&#8221; size=&#8221;lg&#8221; align=&#8221;center&#8221; css=&#8221;&#8221;][vc_column_text css=&#8221;&#8221;]<\/p>\n<h4 class=\"highlight\" style=\"text-align: center;\">Fourniture de Mat\u00e9riel de Bureau<\/h4>\n<p style=\"text-align: center;\">\u00c9quipement des espaces professionnels avec du mobilier et du mat\u00e9riel de bureau ergonomique : bureaux, chaises, solutions de rangement et accessoires divers.<\/p>\n<p>[\/vc_column_text][\/vc_column_inner][\/vc_row_inner][\/vc_column][vc_column width=&#8221;1\/3&#8243;][vc_row_inner el_class=&#8221;inner-bottom-xs&#8221;][vc_column_inner][vc_icon icon_fontawesome=&#8221;fas fa-bell&#8221; background_style=&#8221;rounded&#8221; size=&#8221;lg&#8221; align=&#8221;center&#8221; css=&#8221;&#8221;][vc_column_text css=&#8221;&#8221;]<\/p>\n<h4 class=\"highlight\" style=\"text-align: center;\">Installation de Syst\u00e8mes d&#8217;Alarme<\/h4>\n<p style=\"text-align: center;\">Mise en place de solutions de s\u00e9curit\u00e9 avanc\u00e9es pour la protection des domiciles et des locaux professionnels : alarmes connect\u00e9es, serrures intelligentes et syst\u00e8mes de contr\u00f4le d\u2019acc\u00e8s.<\/p>\n<p>[\/vc_column_text][\/vc_column_inner][\/vc_row_inner][\/vc_column][vc_column width=&#8221;1\/3&#8243;][vc_row_inner el_class=&#8221;inner-bottom-xs&#8221;][vc_column_inner][vc_icon icon_fontawesome=&#8221;fas fa-solar-panel&#8221; background_style=&#8221;rounded&#8221; size=&#8221;lg&#8221; align=&#8221;center&#8221; css=&#8221;&#8221;][vc_column_text css=&#8221;&#8221;]<\/p>\n<h4 class=\"highlight\" style=\"text-align: center;\">Installation de Panneaux Solaires<\/h4>\n<p style=\"text-align: center;\">\u00c9tude, fourniture et installation de panneaux solaires pour une autonomie \u00e9nerg\u00e9tique optimale, avec des \u00e9quipements de derni\u00e8re g\u00e9n\u00e9ration adapt\u00e9s aux besoins r\u00e9sidentiels et industriels.<\/p>\n<p>[\/vc_column_text][\/vc_column_inner][\/vc_row_inner][\/vc_column][\/vc_row][vc_row el_class=&#8221;about-features inner-top-md inner-bottom-sm&#8221;][vc_column css=&#8221;.vc_custom_1457518924264{margin-bottom: 0px !important;}&#8221;][vc_empty_space height=&#8221;11px&#8221;][\/vc_column][\/vc_row]<\/p>\n<\/div>","protected":false},"excerpt":{"rendered":"<p>[vc_row el_class=&#8221;about-features inner-top-md inner-bottom-sm&#8221;][vc_column css=&#8221;.vc_custom_1457518924264{margin-bottom: 0px !important;}&#8221;][vc_empty_space height=&#8221;11px&#8221;][\/vc_column][\/vc_row][vc_row el_class=&#8221;about-features inner-top-md inner-bottom-sm&#8221;][vc_column css=&#8221;.vc_custom_1457518924264{margin-bottom: 0px !important;}&#8221;][vc_column_text css=&#8221;&#8221; el_class=&#8221;entry-title&#8221;] Nos services [\/vc_column_text][vc_empty_space][\/vc_column][\/vc_row][vc_row el_class=&#8221;inner-sm&#8221;][vc_column width=&#8221;1\/3&#8243; el_class=&#8221;text-boxes&#8221;][vc_row_inner el_class=&#8221;inner-bottom-xs&#8221;][vc_column_inner][vc_icon icon_fontawesome=&#8221;fas fa-hdd&#8221; background_style=&#8221;rounded&#8221; size=&#8221;lg&#8221; align=&#8221;center&#8221; css=&#8221;&#8221;][vc_column_text css_animation=&#8221;none&#8221;<\/p>\n","protected":false},"author":1,"featured_media":0,"parent":0,"menu_order":0,"comment_status":"closed","ping_status":"closed","template":"","meta":{"_acf_changed":false,"footnotes":""},"class_list":["post-5618","page","type-page","status-publish","hentry"],"acf":[],"_links":{"self":[{"href":"https:\/\/www.shiftpro.ma\/market\/wp-json\/wp\/v2\/pages\/5618","targetHints":{"allow":["GET"]}}],"collection":[{"href":"https:\/\/www.shiftpro.ma\/market\/wp-json\/wp\/v2\/pages"}],"about":[{"href":"https:\/\/www.shiftpro.ma\/market\/wp-json\/wp\/v2\/types\/page"}],"author":[{"embeddable":true,"href":"https:\/\/www.shiftpro.ma\/market\/wp-json\/wp\/v2\/users\/1"}],"replies":[{"embeddable":true,"href":"https:\/\/www.shiftpro.ma\/market\/wp-json\/wp\/v2\/comments?post=5618"}],"version-history":[{"count":20,"href":"https:\/\/www.shiftpro.ma\/market\/wp-json\/wp\/v2\/pages\/5618\/revisions"}],"predecessor-version":[{"id":5651,"href":"https:\/\/www.shiftpro.ma\/market\/wp-json\/wp\/v2\/pages\/5618\/revisions\/5651"}],"wp:attachment":[{"href":"https:\/\/www.shiftpro.ma\/market\/wp-json\/wp\/v2\/media?parent=5618"}],"curies":[{"name":"wp","href":"https:\/\/api.w.org\/{rel}","templated":true}]}}