{"id":5583,"date":"2025-03-20T00:02:36","date_gmt":"2025-03-19T23:02:36","guid":{"rendered":"https:\/\/www.shiftpro.ma\/market\/?page_id=5583"},"modified":"2025-03-24T01:00:57","modified_gmt":"2025-03-24T00:00:57","slug":"a-propos-de-nous","status":"publish","type":"page","link":"https:\/\/www.shiftpro.ma\/market\/a-propos-de-nous\/","title":{"rendered":"\u00c0 Propos de Nous"},"content":{"rendered":"<div class=\"wpb-content-wrapper\"><p>[vc_row el_class=&#8221;about-features inner-top-md inner-bottom-sm&#8221;][vc_column css=&#8221;.vc_custom_1457518924264{margin-bottom: 0px !important;}&#8221;][vc_empty_space height=&#8221;11px&#8221;][\/vc_column][\/vc_row][vc_row el_class=&#8221;about-features inner-top-md inner-bottom-sm&#8221;][vc_column css=&#8221;.vc_custom_1457518924264{margin-bottom: 0px !important;}&#8221;][vc_column_text css=&#8221;&#8221; el_class=&#8221;entry-title&#8221;]<\/p>\n<h1><strong>\u00c0 Propos de nous<\/strong><\/h1>\n<p>[\/vc_column_text][vc_empty_space][\/vc_column][\/vc_row][vc_row el_class=&#8221;inner-sm&#8221;][vc_column el_class=&#8221;text-boxes&#8221;][vc_row_inner el_class=&#8221;inner-bottom-xs&#8221;][vc_column_inner width=&#8221;1\/3&#8243;][vc_column_text css=&#8221;&#8221;]<\/p>\n<h3 class=\"highlight\">Que faisons-nous r\u00e9ellement ?<\/h3>\n<p>Chez ShiftPro, nous nous sp\u00e9cialisons dans la vente, l&#8217;installation et la maintenance de mat\u00e9riel informatique de haute qualit\u00e9. Nous mettons \u00e0 votre disposition une large gamme de produits allant des ordinateurs portables aux \u00e9quipements r\u00e9seaux, en passant par des stations de travail, des imprimantes et des scanners. Nous nous engageons \u00e0 fournir des solutions adapt\u00e9es \u00e0 tous les besoins professionnels, en offrant une expertise technique et un service client sans \u00e9gal.[\/vc_column_text][\/vc_column_inner][vc_column_inner width=&#8221;1\/3&#8243;][vc_column_text css=&#8221;&#8221;]<\/p>\n<h3 class=\"highlight\">Notre mission<\/h3>\n<p>Notre mission est simple : offrir \u00e0 nos clients les meilleures solutions informatiques, en garantissant performance, fiabilit\u00e9 et support technique de qualit\u00e9. Gr\u00e2ce \u00e0 notre \u00e9quipe d&#8217;experts, nous nous effor\u00e7ons de r\u00e9pondre aux exigences de chaque client, qu\u2019il soit une petite entreprise ou une grande organisation. Nous voulons \u00eatre le partenaire de confiance qui accompagne nos clients dans leur transformation num\u00e9rique et leur r\u00e9ussite \u00e0 long terme.[\/vc_column_text][\/vc_column_inner][vc_column_inner width=&#8221;1\/3&#8243;][vc_column_text css=&#8221;&#8221;]<\/p>\n<h3 class=\"highlight\">Notre vision<\/h3>\n<p>Chez ShiftPro, nous croyons en un avenir o\u00f9 chaque entreprise, quelle que soit sa taille, peut acc\u00e9der \u00e0 des technologies de pointe pour am\u00e9liorer sa productivit\u00e9 et son efficacit\u00e9. Nous visons \u00e0 \u00eatre un leader du march\u00e9 dans la distribution de mat\u00e9riel informatique et dans l&#8217;accompagnement de nos clients pour une utilisation optimale de leurs \u00e9quipements. Nous aspirons \u00e0 innover constamment et \u00e0 offrir des solutions de plus en plus performantes pour r\u00e9pondre aux d\u00e9fis num\u00e9riques de demain.[\/vc_column_text][\/vc_column_inner][\/vc_row_inner][\/vc_column][\/vc_row][vc_row el_class=&#8221;about-features inner-top-md inner-bottom-sm&#8221;][vc_column css=&#8221;.vc_custom_1457518924264{margin-bottom: 0px !important;}&#8221;][vc_empty_space height=&#8221;29px&#8221;][\/vc_column][\/vc_row][vc_row el_class=&#8221;inner-sm&#8221;][vc_column width=&#8221;1\/2&#8243; el_class=&#8221;text-boxes&#8221;][vc_row_inner][vc_column_inner][vc_column_text css=&#8221;&#8221;]<\/p>\n<h3 class=\"highlight\">Coop\u00e9rez avec nous !<\/h3>\n<p>Nous croyons en la force des partenariats pour offrir des solutions compl\u00e8tes et adapt\u00e9es aux besoins de nos clients. Coop\u00e9rez avec ShiftPro et b\u00e9n\u00e9ficiez de notre expertise, de notre large gamme de produits et de notre support technique pour am\u00e9liorer la performance de votre entreprise. Que vous soyez \u00e0 la recherche d&#8217;un fournisseur fiable ou que vous ayez des projets de transformation num\u00e9rique, nous sommes l\u00e0 pour vous accompagner.<\/p>\n<p>Nous vous invitons \u00e0 nous contacter pour discuter des opportunit\u00e9s de collaboration ou pour obtenir des conseils personnalis\u00e9s sur nos produits et services.[\/vc_column_text][\/vc_column_inner][\/vc_row_inner][\/vc_column][vc_column width=&#8221;1\/2&#8243; el_class=&#8221;wpb-accordion&#8221;][vc_tta_accordion shape=&#8221;square&#8221; color=&#8221;white&#8221; active_section=&#8221;1&#8243; title=&#8221;Que pouvons-nous faire pour vous ?&#8221; el_class=&#8221;wpb_accordion_heading&#8221;][vc_tta_section title=&#8221;Assistance 24h\/24 et 7j\/7&#8243; tab_id=&#8221;1742508518908-4168e664-efe9&#8243;][vc_column_text css=&#8221;&#8221;]Nous sommes toujours disponibles pour r\u00e9pondre \u00e0 vos questions et r\u00e9soudre vos probl\u00e8mes, \u00e0 tout moment de la journ\u00e9e, toute la semaine.[\/vc_column_text][\/vc_tta_section][vc_tta_section title=&#8221;Qualit\u00e9 optimale&#8221; tab_id=&#8221;1742508518936-ee3c9920-be7b&#8221;][vc_column_text css=&#8221;&#8221;]Nous ne compromettons jamais sur la qualit\u00e9. Tous nos produits sont rigoureusement s\u00e9lectionn\u00e9s pour r\u00e9pondre aux normes les plus strictes.[\/vc_column_text][\/vc_tta_section][vc_tta_section title=&#8221;Livraison rapide&#8221; tab_id=&#8221;1742508518963-62b918c9-27fa&#8221;][vc_column_text css=&#8221;&#8221;]Nous assurons des livraisons dans les plus brefs d\u00e9lais, afin que vous puissiez profiter de vos produits sans attente excessive.[\/vc_column_text][\/vc_tta_section][vc_tta_section title=&#8221;Service client&#8221; tab_id=&#8221;1742508518997-3cf78b15-a07e&#8221;][vc_column_text css=&#8221;&#8221;]Notre \u00e9quipe d\u00e9di\u00e9e au service client est l\u00e0 pour vous accompagner \u00e0 chaque \u00e9tape de votre achat, de l&#8217;assistance pr\u00e9-achat \u00e0 l&#8217;apr\u00e8s-vente.[\/vc_column_text][\/vc_tta_section][vc_tta_section title=&#8221;Plus de 200 clients satisfaits&#8221; tab_id=&#8221;1742508519024-3d271b40-6294&#8243;][vc_column_text css=&#8221;&#8221;]Nous avons le privil\u00e8ge de compter plus de 200 clients satisfaits qui t\u00e9moignent de la qualit\u00e9 de nos services et de notre fiabilit\u00e9.[\/vc_column_text][\/vc_tta_section][\/vc_tta_accordion][\/vc_column][\/vc_row][vc_row el_class=&#8221;about-features inner-top-md inner-bottom-sm&#8221;][vc_column css=&#8221;.vc_custom_1457518924264{margin-bottom: 0px !important;}&#8221;][vc_empty_space height=&#8221;11px&#8221;][\/vc_column][\/vc_row]<\/p>\n<\/div>","protected":false},"excerpt":{"rendered":"<p>[vc_row el_class=&#8221;about-features inner-top-md inner-bottom-sm&#8221;][vc_column css=&#8221;.vc_custom_1457518924264{margin-bottom: 0px !important;}&#8221;][vc_empty_space height=&#8221;11px&#8221;][\/vc_column][\/vc_row][vc_row el_class=&#8221;about-features inner-top-md inner-bottom-sm&#8221;][vc_column css=&#8221;.vc_custom_1457518924264{margin-bottom: 0px !important;}&#8221;][vc_column_text css=&#8221;&#8221; el_class=&#8221;entry-title&#8221;] \u00c0 Propos de nous [\/vc_column_text][vc_empty_space][\/vc_column][\/vc_row][vc_row el_class=&#8221;inner-sm&#8221;][vc_column el_class=&#8221;text-boxes&#8221;][vc_row_inner el_class=&#8221;inner-bottom-xs&#8221;][vc_column_inner width=&#8221;1\/3&#8243;][vc_column_text css=&#8221;&#8221;] Que faisons-nous r\u00e9ellement ?<\/p>\n","protected":false},"author":1,"featured_media":0,"parent":0,"menu_order":0,"comment_status":"closed","ping_status":"closed","template":"","meta":{"_acf_changed":false,"footnotes":""},"class_list":["post-5583","page","type-page","status-publish","hentry"],"acf":[],"_links":{"self":[{"href":"https:\/\/www.shiftpro.ma\/market\/wp-json\/wp\/v2\/pages\/5583","targetHints":{"allow":["GET"]}}],"collection":[{"href":"https:\/\/www.shiftpro.ma\/market\/wp-json\/wp\/v2\/pages"}],"about":[{"href":"https:\/\/www.shiftpro.ma\/market\/wp-json\/wp\/v2\/types\/page"}],"author":[{"embeddable":true,"href":"https:\/\/www.shiftpro.ma\/market\/wp-json\/wp\/v2\/users\/1"}],"replies":[{"embeddable":true,"href":"https:\/\/www.shiftpro.ma\/market\/wp-json\/wp\/v2\/comments?post=5583"}],"version-history":[{"count":28,"href":"https:\/\/www.shiftpro.ma\/market\/wp-json\/wp\/v2\/pages\/5583\/revisions"}],"predecessor-version":[{"id":5827,"href":"https:\/\/www.shiftpro.ma\/market\/wp-json\/wp\/v2\/pages\/5583\/revisions\/5827"}],"wp:attachment":[{"href":"https:\/\/www.shiftpro.ma\/market\/wp-json\/wp\/v2\/media?parent=5583"}],"curies":[{"name":"wp","href":"https:\/\/api.w.org\/{rel}","templated":true}]}}